{"id":36,"date":"2017-07-14T12:37:55","date_gmt":"2017-07-14T10:37:55","guid":{"rendered":"http:\/\/new.formaedizioni.it\/itcasa-editriceenpublishing-house"},"modified":"2023-02-14T15:53:14","modified_gmt":"2023-02-14T14:53:14","slug":"casa-editrice","status":"publish","type":"page","link":"https:\/\/lab.formaedizioni.it\/?page_id=36","title":{"rendered":"Casa Editrice"},"content":{"rendered":"<p>[vc_row][vc_column][vc_column_text]Forma rappresenta un\u2019iniziativa editoriale sviluppata al fine di consentire la divulgazione e la conoscenza di percorsi ed esperienze che interessano l\u2019arte, l\u2019architettura, la fotografia e pi\u00f9 in generale per promuovere le migliori ricerche in ambito produttivo, tecnologico, di trasformazione del territorio, degli stili di vita e dell\u2019abitare contemporaneo.<\/p>\n<p>Volont\u00e0 della casa editrice \u00e8 dare \u201cforma\u201d alle tracce espressive che animano il dibattito culturale di oggi approfondendo specifici ambiti conoscitivi noti al pubblico e rimuovendo dalla marginalit\u00e0 quelle espressioni intellettuali ed artistiche ritenute, a vario titolo, rivelatrici di nuovi punti di osservazione della realt\u00e0.<\/p>\n<p>Per realizzare le proprie finalit\u00e0 Forma utilizza, senza distinzione di priorit\u00e0, tutti i mezzi di comunicazione attualmente disponibili, sia digitali, quali le disponibilit\u00e0 in rete o la diffusione di e-book, sia tradizionali, attraverso la realizzazione di volumi cartacei, come pubblicazioni monografiche, cataloghi di mostre ed eventi. Caratteristica comune di ogni iniziativa \u00e8 l\u2019alta qualit\u00e0 del prodotto, delle immagini, della stampa, dei processi tipografici o informatici impiegati oltre che una mirata diffusione e distribuzione nei luoghi (librerie specializzate, bookshop di musei e luoghi espositivi) che aggiungono alla normale reperibilit\u00e0 in rete, quella necessaria e indispensabile presenza nei \u201csiti\u201c dove si costruiscono opinioni e valutazioni di merito.[\/vc_column_text][\/vc_column][\/vc_row]<\/p>","protected":false},"excerpt":{"rendered":"<p>[vc_row][vc_column][vc_column_text]Forma rappresenta un\u2019iniziativa editoriale sviluppata al fine di consentire la divulgazione e la conoscenza di percorsi ed esperienze che interessano l\u2019arte, l\u2019architettura, la fotografia e pi\u00f9 in generale per promuovere le migliori ricerche in ambito produttivo, tecnologico, di trasformazione del territorio, degli stili di vita e dell\u2019abitare contemporaneo. Volont\u00e0 della casa editrice \u00e8 dare \u201cforma\u201d [&hellip;]<\/p>\n","protected":false},"author":6,"featured_media":0,"parent":0,"menu_order":5,"comment_status":"closed","ping_status":"closed","template":"","meta":[],"categories":[],"tags":[],"acf":[],"_links":{"self":[{"href":"https:\/\/lab.formaedizioni.it\/index.php?rest_route=\/wp\/v2\/pages\/36"}],"collection":[{"href":"https:\/\/lab.formaedizioni.it\/index.php?rest_route=\/wp\/v2\/pages"}],"about":[{"href":"https:\/\/lab.formaedizioni.it\/index.php?rest_route=\/wp\/v2\/types\/page"}],"author":[{"embeddable":true,"href":"https:\/\/lab.formaedizioni.it\/index.php?rest_route=\/wp\/v2\/users\/6"}],"replies":[{"embeddable":true,"href":"https:\/\/lab.formaedizioni.it\/index.php?rest_route=%2Fwp%2Fv2%2Fcomments&post=36"}],"version-history":[{"count":1,"href":"https:\/\/lab.formaedizioni.it\/index.php?rest_route=\/wp\/v2\/pages\/36\/revisions"}],"predecessor-version":[{"id":74199,"href":"https:\/\/lab.formaedizioni.it\/index.php?rest_route=\/wp\/v2\/pages\/36\/revisions\/74199"}],"wp:attachment":[{"href":"https:\/\/lab.formaedizioni.it\/index.php?rest_route=%2Fwp%2Fv2%2Fmedia&parent=36"}],"wp:term":[{"taxonomy":"category","embeddable":true,"href":"https:\/\/lab.formaedizioni.it\/index.php?rest_route=%2Fwp%2Fv2%2Fcategories&post=36"},{"taxonomy":"post_tag","embeddable":true,"href":"https:\/\/lab.formaedizioni.it\/index.php?rest_route=%2Fwp%2Fv2%2Ftags&post=36"}],"curies":[{"name":"wp","href":"https:\/\/api.w.org\/{rel}","templated":true}]}}