{"id":39,"date":"2017-07-14T12:42:39","date_gmt":"2017-07-14T10:42:39","guid":{"rendered":"http:\/\/new.formaedizioni.it\/itdistribuzioneendistributors"},"modified":"2022-01-19T14:29:45","modified_gmt":"2022-01-19T13:29:45","slug":"distribuzione","status":"publish","type":"page","link":"https:\/\/lab.formaedizioni.it\/?page_id=39","title":{"rendered":"Distribuzione"},"content":{"rendered":"<p>[vc_row][vc_column][vc_tta_tour shape=&#8221;square&#8221; active_section=&#8221;1&#8243;][vc_tta_section i_icon_fontawesome=&#8221;fa fa-globe&#8221; add_icon=&#8221;true&#8221; title=&#8221;Distribuzione Italia e estero&#8221; tab_id=&#8221;1502451017969-b6b21977-2206&#8243;][vc_column_text]<strong><span style=\"color: #ff0000;\">ITALIA<\/span><\/strong><br \/>\nA.L.I. srl<br \/>\nVia Milano, 73\/75<br \/>\n20010 Cornaredo (MI)<br \/>\nTel. (+39) 02-99762430\/31\/32<br \/>\ninfoali@alilibri.it<\/p>\n<p><strong><span style=\"color: #ff0000;\">EUROPA e UK<br \/>\n<\/span><\/strong><span class=\"s1\">ACC Art Books, Sandy Lane, Old Martlesham, Woodbridge, Suffolk<br \/>\n<\/span><span class=\"s1\">IP12 4SD, UK<br \/>\n<\/span><span class=\"s1\">Tel:\u00a0+44 (0) 1394 389950<br \/>\nFax: +44 (0) 1394 389999<br \/>\nuksales@accartbooks.com<\/span><\/p>\n<p><strong><span style=\"color: #ff0000;\">US<br \/>\n<\/span><\/strong><span class=\"s1\">ACC Distribution, 6 West 18th Street, 4 B, New York<br \/>\n<\/span><span class=\"s1\">10011 NY<br \/>\n<\/span><span class=\"s1\">Tel:\u00a0(800) 252 5231<br \/>\nFax: (716) 2424911<br \/>\nussales@accpublishinggroup.com\/us<\/span>[\/vc_column_text][\/vc_tta_section][vc_tta_section i_icon_fontawesome=&#8221;fa fa-dot-circle-o&#8221; add_icon=&#8221;true&#8221; title=&#8221;Bookshop musei in Italia&#8221; tab_id=&#8221;1502451017993-5ccbd766-5959&#8243;][vc_column_text]<strong><span class=\"Apple-style-span\" style=\"color: #ff0000;\">BOLOGNA<\/span><\/strong><br \/>\nMAMBO &#8211; MUSEO D\u2019ARTE MODERNA DI BOLOGNA<br \/>\nvia Don Minzoni 14 &#8211; 40121 Bologna<\/p>\n<p><strong><span style=\"color: #ff0000;\">GENOVA<\/span><\/strong><br \/>\nMUSEO D&#8217;ARTE CONTEMPORANEA VILLA CROCE<br \/>\nvia J. Ruffini 3 &#8211; 16128 Genova<\/p>\n<p>PALAZZO DUCALE<br \/>\npiazza Matteotti 9 &#8211; 16123 Genova<\/p>\n<p><span style=\"color: #ff0000;\"><strong>MILANO<\/strong><\/span><br \/>\nLA TRIENNALE DI MILANO<br \/>\nviale Alemagna 6 &#8211; 20121 Milano<\/p>\n<p><strong><span style=\"color: #ff0000;\">ROMA<\/span><\/strong><br \/>\nAUDITORIUM PARCO DELLA MUSICA<br \/>\nviale Pietro de Coubertin 30 &#8211; 00196 Roma<\/p>\n<p>MACRO &#8211; MUSEO ARTE CONTEMPORANEA ROMA<br \/>\nvia Reggio Emilia 54 &#8211; 00198 Roma<\/p>\n<p>MAXXI &#8211; MUSEO NAZIONALE DELLE ARTI DEL XXI SECOLO<br \/>\nvia Guido Reni 4A &#8211; 00196 Roma<\/p>\n<p>PALAZZO DELLE ESPOSIZIONI<br \/>\nvia Nazionale 194 &#8211; 00184 Roma<\/p>\n<p><span style=\"color: #ff0000;\"><strong>TORINO<\/strong><\/span><br \/>\nCASTELLO DI RIVOLI &#8211; MUSEO D\u2019ARTE CONTEMPORANEA<br \/>\nPiazza Mafalda di Savoia &#8211; 10098 Rivoli (TO)<\/p>\n<p><span style=\"color: #ff0000;\"><strong>TRENTO<\/strong><\/span><br \/>\nMART &#8211;\u00a0MUSEO DI ARTE MODERNA E CONTEMPORANEA<br \/>\nDI TRENTO E ROVERETO<br \/>\nCorso Bettini 43 &#8211; 38068 Rovereto (TN)<\/p>\n<p><span style=\"color: #ff0000;\"><strong>VENEZIA<\/strong><\/span><br \/>\nLA BIENNALE DI VENEZIA<br \/>\nSettori Arte e Architettura<br \/>\nCa\u2019 Giustinian, San Marco 1364\/A\u2028- 30124 Venezia<\/p>\n<p>ASAC \u2013 ARCHIVIO STORICO DELLE ARTI CONTEMPORANEE<br \/>\nParco Scientifico Tecnologico \u2028Edificio Cygnus<br \/>\nvia delle Industrie 23\/9\u2028- 30175 Porto Marghera (VE)[\/vc_column_text][\/vc_tta_section][vc_tta_section i_icon_fontawesome=&#8221;fa fa-book&#8221; add_icon=&#8221;true&#8221; title=&#8221;Bookshop musei all&#8217;estero&#8221; tab_id=&#8221;1502451232983-e23abf95-e532&#8243;][vc_column_text]<span style=\"color: #ff0000;\"><strong>AUSTRIA<\/strong><\/span><br \/>\nARCHITEKTURZENTRUM WIEN<br \/>\nMuseumsplatz 1, im MQ\u00a0A-1070 Wien<\/p>\n<p>ARCHITEKTURSTIFTUNG \u00d6STERREICH<br \/>\nKrugerstra\u00dfe 17\/2 &#8211; 1010 Wien<\/p>\n<p>HAUS DER ARCHITEKTUR GRAZ, Palais Thinnfeld<br \/>\nMariahilferstra\u00dfe 2, A-8020 Graz<\/p>\n<p><strong><span style=\"color: #ff0000;\">BELGIO<\/span><\/strong><br \/>\nDESINGEL INTERNATIONALE KUNSTCAMPUS<br \/>\nDesguinlei 25, B-2018 Antwerp<\/p>\n<p><span style=\"color: #ff0000;\"><strong>CANADA<\/strong><\/span><br \/>\nCANADIAN CENTRE FOR ARCHITECTURE<br \/>\n1920, rue Baile, Montr\u00e9al, Qu\u00e9bec \u2028H3H 2S6<\/p>\n<p><span style=\"color: #ff0000;\"><strong>CINA<\/strong><\/span><br \/>\n798 SPACE ART DISTRICT<br \/>\nCeramic 3 St. 798 Road, 798 Art District, 4<br \/>\nJiuxianqiao Road \/ Chaoyang District<br \/>\nBeijing P.O. Box 8503<\/p>\n<p><span style=\"color: #ff0000;\"><strong>FINLANDIA<\/strong><\/span><br \/>\nMUSEUM OF CONTEMPORARY ART KIASMA<br \/>\nMannerheiminaukio 2 &#8211; 00100 Helsinki<\/p>\n<p>MUSEUM OF FINNISH ARCHITECTURE<br \/>\nKasarmikatu 24 &#8211; 00130 Helsinki<\/p>\n<p>ALVAR AALTO MUSEUM<br \/>\nAlvar Aallon katu 7, Box 461, 40101 Jyv\u00e4skyl\u00e4<span class=\"Apple-style-span\" style=\"color: #ff0000;\"><br \/>\n<\/span><br \/>\n<span style=\"color: #ff0000;\"><strong>FRANCIA<\/strong><\/span><br \/>\nCENTRE POMPIDOU<br \/>\n75191 Paris cedex 04<\/p>\n<p>FONDATION CARTIER<br \/>\n261, Boulevard Raspail &#8211; 75014 Paris<\/p>\n<p>PAVILLON DE L&#8217;ARSENAL<br \/>\n21, Bld Morland &#8211; 75004 Paris<\/p>\n<p>LA GALERIE D\u2019ARCHITECTURE<br \/>\n11 rue des Blancs Manteaux &#8211; 75004 Paris<\/p>\n<p>LA CITE DE L\u2019ARCHITECTURE<br \/>\nPlace du Trocad\u00e8ro et du 11 Novembre &#8211; 75116 Paris<\/p>\n<p>FRAC &#8211; CENTRE ORLEANS<br \/>\n12 rue de la Tour Neuve &#8211; 45000 Orl\u00e9ans<\/p>\n<p>ARCHIPEL<br \/>\n21 Place Des Terreaux F-69001 Lyon<\/p>\n<p><span style=\"color: #ff0000;\"><strong>GERMANIA<\/strong><\/span><br \/>\nAEDES AM PFEFFERBERG<br \/>\nChristinenstr. 18-19, D-10119 Berlin<\/p>\n<p>BAUHAUS-ARCHIV<br \/>\nKlingelh\u00f6ferstra\u00dfe 14, D &#8211; 10785 Berlin<\/p>\n<p>DEUTSCHES ARCHITEKTUR ZENTRUM<br \/>\nK\u00f6penicker Str. 48\/49, 10179 Berlin-Mitte<\/p>\n<p>INTERNATIONAL DESIGN CENTER<br \/>\nK\u00f6penicker Str. 48\/49, 10179 Berlin-Mitte<\/p>\n<p>VITRA DESIGN MUSEUM<br \/>\nCharles-Eames-Str. 1, D-79576 Weil am Rhein<\/p>\n<p><span style=\"color: #ff0000;\"><strong>INGHILTERRA<\/strong><\/span><br \/>\nICA &#8211; INSTITUTE FOR CONTEMPORARY ARTS<br \/>\nThe Mall, London SW1Y 5AH<\/p>\n<p>ROYAL INSTITUTE OF BRITISH ARCHITECTS<br \/>\n66 Portland Place, London W1B 1AD<\/p>\n<p>TATE GALLERY<br \/>\nBankside, London SE1 9TG<\/p>\n<p><span style=\"color: #ff0000;\"><strong>OLANDA<\/strong><\/span><br \/>\nARCAM<br \/>\nPrins Hendrikkade 600 &#8211; 1011 VX Amsterdam<\/p>\n<p>STROOM DEN HAAG<br \/>\nHogewal 1-9\u20282514 HA The Hague<\/p>\n<p>NAI &#8211; NETHERLANDS ARCHITECTURE INSTITUTE<br \/>\nMusempark 25 &#8211; 3015 CB Rotterdam<\/p>\n<p><span style=\"color: #ff0000;\"><strong>REPUBBLICA CECA<\/strong><\/span><br \/>\nCENTER FOR CONTEMPORARY ARTS PRAGUE<br \/>\nKarlin Studios, K\u0159i\u017e\u00edkova 34, Praha 8<\/p>\n<p><span style=\"color: #ff0000;\"><strong>SPAGNA<\/strong><\/span><br \/>\nCENTRE DE CULTURA CONTEMPOR\u00c0NIA DE BARCELONA<br \/>\nC\/ Montalegre 5, 08001 Barcelona<\/p>\n<p>FUNDACI\u00d3 MIES VAN DER ROHE<br \/>\nAv. Marqu\u00e8s de Comilles, s\/n, Montju\u00efc\u2028, Barcelona<\/p>\n<p>MACBA &#8211; MUSEU D&#8217;ART CONTEMPORANI DE BARCELONA<br \/>\nPla\u00e7a dels Angels 1, 08001 Barcelona<\/p>\n<p><span style=\"color: #ff0000;\"><strong>STATI UNITI<\/strong><\/span><br \/>\nMoMA &#8211; THE MUSEUM OF MODERN ART<br \/>\n11 West 53 Street New York, NY 10019<\/p>\n<p>P.S.1 CONTEMPORARY ART CENTER<br \/>\nMuseum of Modern Art affiliate<\/p>\n<p>STOREFRONT FOR ART AND ARCHITECTURE<br \/>\n97 Kenmare Street\u2028 New York, NY 10012<\/p>\n<p>SOLOMON R. GUGGENHEIM MUSEUM<br \/>\n1071 Fifth Avenue (at 89th Street) New York, NY 10128-0173<\/p>\n<p>COOPER-HEWITT, NATIONAL DESIGN MUSEUM<br \/>\n2 East 91st Street \u2028New York, NY 10128<\/p>\n<p>THE CLOISTERS MUSEUM AND GARDENS<br \/>\nFort Tryon Park &#8211; 10040 New York<\/p>\n<p>THE SKYSCRAPER MUSEUM<br \/>\n39 Battery Place, New York, NY 10280<\/p>\n<p>ART IN CONTEXT &#8211; CENTER FOR COMMUNICATIONS<br \/>\nP.O. Box 336 New York, NY 10276<\/p>\n<p>CARNEGIE MUSEUM OF ART \/ HEINZ ARCHITECTURAL CENTER<br \/>\n4400 Forbes Avenue, Pittsburgh, PA 15213-4080<\/p>\n<p>SAN FRANCISCO MUSEUM OF MODERN ART<br \/>\n151 Third Street &#8211; 94103 San Francisco, California<\/p>\n<p>NATIONAL BUILDING MUSEUM<br \/>\n401 F Street NW Washington, DC 20001<\/p>\n<p><span style=\"color: #ff0000;\"><strong>SVIZZERA<\/strong><\/span><br \/>\nFONDATION BEYELER<br \/>\nBeyeler Museum AG, Baselstrasse 101 &#8211; CH-4125 Riehen \/ Basel<\/p>\n<p>SWISS ARCHITECTURE MUSEUM<br \/>\nSteinenberg 7, Postfach 911 &#8211; CH-4001 Basel<\/p>\n<p><span style=\"color: #ff0000;\"><strong>SVEZIA<\/strong><\/span><br \/>\nARKITEKTUR MUSEET<br \/>\nSkeppsholmen, SE-111 49 Stockholm<\/p>\n<p><span style=\"color: #ff0000;\"><strong>TURCHIA<\/strong><\/span><br \/>\nFOUNDATION OF ARCHITECTURE TURKEY<br \/>\nKemankes Caddesi No: 31 Kat: 4 Karakoy 34425 Istanbul[\/vc_column_text][\/vc_tta_section][\/vc_tta_tour][\/vc_column][\/vc_row]<\/p>","protected":false},"excerpt":{"rendered":"<p>[vc_row][vc_column][vc_tta_tour shape=&#8221;square&#8221; active_section=&#8221;1&#8243;][vc_tta_section i_icon_fontawesome=&#8221;fa fa-globe&#8221; add_icon=&#8221;true&#8221; title=&#8221;Distribuzione Italia e estero&#8221; tab_id=&#8221;1502451017969-b6b21977-2206&#8243;][vc_column_text]ITALIA A.L.I. srl Via Milano, 73\/75 20010 Cornaredo (MI) Tel. (+39) 02-99762430\/31\/32 infoali@alilibri.it EUROPA e UK ACC Art Books, Sandy Lane, Old Martlesham, Woodbridge, Suffolk IP12 4SD, UK Tel:\u00a0+44 (0) 1394 389950 Fax: +44 (0) 1394 389999 uksales@accartbooks.com US ACC Distribution, 6 West 18th Street, [&hellip;]<\/p>\n","protected":false},"author":6,"featured_media":0,"parent":0,"menu_order":7,"comment_status":"closed","ping_status":"closed","template":"","meta":[],"categories":[],"tags":[],"acf":[],"_links":{"self":[{"href":"https:\/\/lab.formaedizioni.it\/index.php?rest_route=\/wp\/v2\/pages\/39"}],"collection":[{"href":"https:\/\/lab.formaedizioni.it\/index.php?rest_route=\/wp\/v2\/pages"}],"about":[{"href":"https:\/\/lab.formaedizioni.it\/index.php?rest_route=\/wp\/v2\/types\/page"}],"author":[{"embeddable":true,"href":"https:\/\/lab.formaedizioni.it\/index.php?rest_route=\/wp\/v2\/users\/6"}],"replies":[{"embeddable":true,"href":"https:\/\/lab.formaedizioni.it\/index.php?rest_route=%2Fwp%2Fv2%2Fcomments&post=39"}],"version-history":[{"count":4,"href":"https:\/\/lab.formaedizioni.it\/index.php?rest_route=\/wp\/v2\/pages\/39\/revisions"}],"predecessor-version":[{"id":73960,"href":"https:\/\/lab.formaedizioni.it\/index.php?rest_route=\/wp\/v2\/pages\/39\/revisions\/73960"}],"wp:attachment":[{"href":"https:\/\/lab.formaedizioni.it\/index.php?rest_route=%2Fwp%2Fv2%2Fmedia&parent=39"}],"wp:term":[{"taxonomy":"category","embeddable":true,"href":"https:\/\/lab.formaedizioni.it\/index.php?rest_route=%2Fwp%2Fv2%2Fcategories&post=39"},{"taxonomy":"post_tag","embeddable":true,"href":"https:\/\/lab.formaedizioni.it\/index.php?rest_route=%2Fwp%2Fv2%2Ftags&post=39"}],"curies":[{"name":"wp","href":"https:\/\/api.w.org\/{rel}","templated":true}]}}